{"id":18,"date":"2019-03-01T10:39:20","date_gmt":"2019-03-01T10:39:20","guid":{"rendered":"https:\/\/gerabresort.ro\/?page_id=18"},"modified":"2023-12-18T10:36:18","modified_gmt":"2023-12-18T10:36:18","slug":"parajd-sobanya-harghita-megye-erdely-szekelyfold-kis-kukullo-soterapia-wellness-turazas-tortenelem","status":"publish","type":"page","link":"https:\/\/gerabresort.ro\/ro\/parajd-sobanya-harghita-megye-erdely-szekelyfold-kis-kukullo-soterapia-wellness-turazas-tortenelem\/","title":{"rendered":"Parajd"},"content":{"rendered":"\t\t<div data-elementor-type=\"wp-post\" data-elementor-id=\"18\" class=\"elementor elementor-18\">\n\t\t\t\t\t\t<section class=\"elementor-section elementor-top-section elementor-element elementor-element-e75c43e elementor-section-boxed elementor-section-height-default elementor-section-height-default\" data-id=\"e75c43e\" data-element_type=\"section\" data-e-type=\"section\">\n\t\t\t\t\t\t<div class=\"elementor-container elementor-column-gap-default\">\n\t\t\t\t\t<div class=\"elementor-column elementor-col-100 elementor-top-column elementor-element elementor-element-1526789\" data-id=\"1526789\" data-element_type=\"column\" data-e-type=\"column\">\n\t\t\t<div class=\"elementor-widget-wrap elementor-element-populated\">\n\t\t\t\t\t\t<section class=\"elementor-section elementor-inner-section elementor-element elementor-element-2f0519b elementor-section-boxed elementor-section-height-default elementor-section-height-default\" data-id=\"2f0519b\" data-element_type=\"section\" data-e-type=\"section\">\n\t\t\t\t\t\t<div class=\"elementor-container elementor-column-gap-default\">\n\t\t\t\t\t<div class=\"elementor-column elementor-col-50 elementor-inner-column elementor-element elementor-element-76e4e56\" data-id=\"76e4e56\" data-element_type=\"column\" data-e-type=\"column\">\n\t\t\t<div class=\"elementor-widget-wrap elementor-element-populated\">\n\t\t\t\t\t\t<div class=\"elementor-element elementor-element-f29e3f7 elementor-widget elementor-widget-heading\" data-id=\"f29e3f7\" data-element_type=\"widget\" data-e-type=\"widget\" data-widget_type=\"heading.default\">\n\t\t\t\t<div class=\"elementor-widget-container\">\n\t\t\t\t\t<h2 class=\"elementor-heading-title elementor-size-large\">Parajdi s\u00f3b\u00e1nya<\/h2>\t\t\t\t<\/div>\n\t\t\t\t<\/div>\n\t\t\t\t<div class=\"elementor-element elementor-element-3f8311d elementor-arrows-position-inside elementor-pagination-position-outside elementor-widget elementor-widget-image-carousel\" data-id=\"3f8311d\" data-element_type=\"widget\" data-e-type=\"widget\" data-settings=\"{&quot;slides_to_show&quot;:&quot;1&quot;,&quot;navigation&quot;:&quot;both&quot;,&quot;autoplay&quot;:&quot;yes&quot;,&quot;pause_on_hover&quot;:&quot;yes&quot;,&quot;pause_on_interaction&quot;:&quot;yes&quot;,&quot;autoplay_speed&quot;:5000,&quot;infinite&quot;:&quot;yes&quot;,&quot;effect&quot;:&quot;slide&quot;,&quot;speed&quot;:500}\" data-widget_type=\"image-carousel.default\">\n\t\t\t\t<div class=\"elementor-widget-container\">\n\t\t\t\t\t\t\t<div class=\"elementor-image-carousel-wrapper swiper\" role=\"region\" aria-roledescription=\"carousel\" aria-label=\"K\u00e9p k\u00f6rhinta\" dir=\"ltr\">\n\t\t\t<div class=\"elementor-image-carousel swiper-wrapper\" aria-live=\"off\">\n\t\t\t\t\t\t\t\t<div class=\"swiper-slide\" role=\"group\" aria-roledescription=\"slide\" aria-label=\"1 \/ 5\"><figure class=\"swiper-slide-inner\"><img decoding=\"async\" class=\"swiper-slide-image\" src=\"https:\/\/gerabresort.ro\/wp-content\/uploads\/2023\/12\/2015-06-19-16-36-15_4455841acf02bb8.jpg.jpg\" alt=\"2015-06-19-16-36-15_4455841acf02bb8.jpg\" \/><\/figure><\/div><div class=\"swiper-slide\" role=\"group\" aria-roledescription=\"slide\" aria-label=\"2 \/ 5\"><figure class=\"swiper-slide-inner\"><img decoding=\"async\" class=\"swiper-slide-image\" src=\"https:\/\/gerabresort.ro\/wp-content\/uploads\/2023\/12\/2015-06-19-16-36-14_2655841acea2140.jpg.jpg\" alt=\"2015-06-19-16-36-14_2655841acea2140.jpg\" \/><\/figure><\/div><div class=\"swiper-slide\" role=\"group\" aria-roledescription=\"slide\" aria-label=\"3 \/ 5\"><figure class=\"swiper-slide-inner\"><img decoding=\"async\" class=\"swiper-slide-image\" src=\"https:\/\/gerabresort.ro\/wp-content\/uploads\/2023\/12\/2015-06-19-17-26-22_165584268ea3ffc.jpg.jpg\" alt=\"2015-06-19-17-26-22_165584268ea3ffc.jpg\" \/><\/figure><\/div><div class=\"swiper-slide\" role=\"group\" aria-roledescription=\"slide\" aria-label=\"4 \/ 5\"><figure class=\"swiper-slide-inner\"><img decoding=\"async\" class=\"swiper-slide-image\" src=\"https:\/\/gerabresort.ro\/wp-content\/uploads\/2023\/12\/2015-06-19-17-26-22_465584268e9f64b.jpg.jpg\" alt=\"2015-06-19-17-26-22_465584268e9f64b.jpg\" \/><\/figure><\/div><div class=\"swiper-slide\" role=\"group\" aria-roledescription=\"slide\" aria-label=\"5 \/ 5\"><figure class=\"swiper-slide-inner\"><img decoding=\"async\" class=\"swiper-slide-image\" src=\"https:\/\/gerabresort.ro\/wp-content\/uploads\/2023\/12\/parajd-sobanya-terem-1.jpg\" alt=\"parajd-sobanya-terem\" \/><\/figure><\/div>\t\t\t<\/div>\n\t\t\t\t\t\t\t\t\t\t\t\t<div class=\"elementor-swiper-button elementor-swiper-button-prev\" role=\"button\" tabindex=\"0\">\n\t\t\t\t\t\t<i aria-hidden=\"true\" class=\"eicon-chevron-left\"><\/i>\t\t\t\t\t<\/div>\n\t\t\t\t\t<div class=\"elementor-swiper-button elementor-swiper-button-next\" role=\"button\" tabindex=\"0\">\n\t\t\t\t\t\t<i aria-hidden=\"true\" class=\"eicon-chevron-right\"><\/i>\t\t\t\t\t<\/div>\n\t\t\t\t\n\t\t\t\t\t\t\t\t\t<div class=\"swiper-pagination\"><\/div>\n\t\t\t\t\t\t\t\t\t<\/div>\n\t\t\t\t\t\t<\/div>\n\t\t\t\t<\/div>\n\t\t\t\t<div class=\"elementor-element elementor-element-2a5eeb5 elementor-widget elementor-widget-text-editor\" data-id=\"2a5eeb5\" data-element_type=\"widget\" data-e-type=\"widget\" data-widget_type=\"text-editor.default\">\n\t\t\t\t<div class=\"elementor-widget-container\">\n\t\t\t\t\t\t\t\t\t<p><strong>El\u00e9rhet\u0151s\u00e9gek:<\/strong><br \/><strong>Web: <a href=\"https:\/\/www.salinapraid.ro\">https:\/\/www.salinapraid.ro<\/a><br \/>Telefonsz\u00e1m: <a href=\"tel:0266240200\">0266 240200<\/a><\/strong><br \/><strong>C\u00edm: PRAID 537240 Jud. Harghita str. Garii nr. 44<\/strong><br \/>A\u00a0<b>parajdi s\u00f3b\u00e1nya<\/b>\u00a0az erd\u00e9lyi\u00a0<a title=\"Parajd\" href=\"https:\/\/hu.wikipedia.org\/wiki\/Parajd\">Parajd<\/a>\u00a0k\u00f6zel\u00e9ben tal\u00e1lhat\u00f3. A parajdi s\u00f3telep Eur\u00f3pa egyik legnagyobb s\u00f3tartal\u00e9ka, a s\u00f3t\u00f6mzs maga 1,2\u00a0km \u00d7 1,4\u00a0km \u00e1tm\u00e9r\u0151j\u0171, enyh\u00e9n ellipszis alak\u00fa \u00e9s 2700 m\u00e9ter m\u00e9lys\u00e9gbe gy\u00f6kerezik. T\u00f6bb sz\u00e1z j\u00f6v\u0151-\u00e9v kib\u00e1ny\u00e1szhat\u00f3 s\u00f3j\u00e1t rejti mag\u00e1ba, \u00e9s ezzel Erd\u00e9ly gazdags\u00e1g\u00e1nak egyik legjelent\u0151sebb kincsesl\u00e1d\u00e1ja.<\/p>\t\t\t\t\t\t\t\t<\/div>\n\t\t\t\t<\/div>\n\t\t\t\t\t<\/div>\n\t\t<\/div>\n\t\t\t\t<div class=\"elementor-column elementor-col-50 elementor-inner-column elementor-element elementor-element-c2293e0\" data-id=\"c2293e0\" data-element_type=\"column\" data-e-type=\"column\" data-settings=\"{&quot;background_background&quot;:&quot;classic&quot;}\">\n\t\t\t<div class=\"elementor-widget-wrap elementor-element-populated\">\n\t\t\t\t\t\t<div class=\"elementor-element elementor-element-950e8dd elementor-widget elementor-widget-heading\" data-id=\"950e8dd\" data-element_type=\"widget\" data-e-type=\"widget\" data-widget_type=\"heading.default\">\n\t\t\t\t<div class=\"elementor-widget-container\">\n\t\t\t\t\t<h2 class=\"elementor-heading-title elementor-size-large\">Minigolf Praid<\/h2>\t\t\t\t<\/div>\n\t\t\t\t<\/div>\n\t\t\t\t<div class=\"elementor-element elementor-element-0539a4a elementor-arrows-position-inside elementor-pagination-position-outside elementor-widget elementor-widget-image-carousel\" data-id=\"0539a4a\" data-element_type=\"widget\" data-e-type=\"widget\" data-settings=\"{&quot;slides_to_show&quot;:&quot;1&quot;,&quot;navigation&quot;:&quot;both&quot;,&quot;autoplay&quot;:&quot;yes&quot;,&quot;pause_on_hover&quot;:&quot;yes&quot;,&quot;pause_on_interaction&quot;:&quot;yes&quot;,&quot;autoplay_speed&quot;:5000,&quot;infinite&quot;:&quot;yes&quot;,&quot;effect&quot;:&quot;slide&quot;,&quot;speed&quot;:500}\" data-widget_type=\"image-carousel.default\">\n\t\t\t\t<div class=\"elementor-widget-container\">\n\t\t\t\t\t\t\t<div class=\"elementor-image-carousel-wrapper swiper\" role=\"region\" aria-roledescription=\"carousel\" aria-label=\"K\u00e9p k\u00f6rhinta\" dir=\"ltr\">\n\t\t\t<div class=\"elementor-image-carousel swiper-wrapper\" aria-live=\"off\">\n\t\t\t\t\t\t\t\t<div class=\"swiper-slide\" role=\"group\" aria-roledescription=\"slide\" aria-label=\"1 \/ 4\"><figure class=\"swiper-slide-inner\"><img decoding=\"async\" class=\"swiper-slide-image\" src=\"https:\/\/gerabresort.ro\/wp-content\/uploads\/2023\/12\/354461916_240518682056219_2664039766814823897_n.jpg\" alt=\"354461916_240518682056219_2664039766814823897_n\" \/><\/figure><\/div><div class=\"swiper-slide\" role=\"group\" aria-roledescription=\"slide\" aria-label=\"2 \/ 4\"><figure class=\"swiper-slide-inner\"><img decoding=\"async\" class=\"swiper-slide-image\" src=\"https:\/\/gerabresort.ro\/wp-content\/uploads\/2023\/12\/354918272_240519428722811_4560598964983780584_n.jpg\" alt=\"354918272_240519428722811_4560598964983780584_n\" \/><\/figure><\/div><div class=\"swiper-slide\" role=\"group\" aria-roledescription=\"slide\" aria-label=\"3 \/ 4\"><figure class=\"swiper-slide-inner\"><img decoding=\"async\" class=\"swiper-slide-image\" src=\"https:\/\/gerabresort.ro\/wp-content\/uploads\/2023\/12\/354950800_240519475389473_8703821063518387977_n.jpg\" alt=\"354950800_240519475389473_8703821063518387977_n\" \/><\/figure><\/div><div class=\"swiper-slide\" role=\"group\" aria-roledescription=\"slide\" aria-label=\"4 \/ 4\"><figure class=\"swiper-slide-inner\"><img decoding=\"async\" class=\"swiper-slide-image\" src=\"https:\/\/gerabresort.ro\/wp-content\/uploads\/2023\/12\/368317420_276931778414909_3288897401666920084_n.jpg\" alt=\"368317420_276931778414909_3288897401666920084_n\" \/><\/figure><\/div>\t\t\t<\/div>\n\t\t\t\t\t\t\t\t\t\t\t\t<div class=\"elementor-swiper-button elementor-swiper-button-prev\" role=\"button\" tabindex=\"0\">\n\t\t\t\t\t\t<i aria-hidden=\"true\" class=\"eicon-chevron-left\"><\/i>\t\t\t\t\t<\/div>\n\t\t\t\t\t<div class=\"elementor-swiper-button elementor-swiper-button-next\" role=\"button\" tabindex=\"0\">\n\t\t\t\t\t\t<i aria-hidden=\"true\" class=\"eicon-chevron-right\"><\/i>\t\t\t\t\t<\/div>\n\t\t\t\t\n\t\t\t\t\t\t\t\t\t<div class=\"swiper-pagination\"><\/div>\n\t\t\t\t\t\t\t\t\t<\/div>\n\t\t\t\t\t\t<\/div>\n\t\t\t\t<\/div>\n\t\t\t\t<div class=\"elementor-element elementor-element-c29c16a elementor-widget elementor-widget-text-editor\" data-id=\"c29c16a\" data-element_type=\"widget\" data-e-type=\"widget\" data-widget_type=\"text-editor.default\">\n\t\t\t\t<div class=\"elementor-widget-container\">\n\t\t\t\t\t\t\t\t\t<p><strong>El\u00e9rhet\u0151s\u00e9gek:<\/strong><br \/><strong>Email: <a href=\"mailto:minigolfpraid@gmail.com\">minigolfpraid@gmail.com<\/a><br \/>Telefonsz\u00e1m: <a href=\"tel:+40759538931\">0759 538 931<\/a><\/strong><br \/><img decoding=\"async\" src=\"https:\/\/static.xx.fbcdn.net\/images\/emoji.php\/v9\/t7a\/1\/16\/26f3.png\" alt=\"\u26f3\ufe0f\" width=\"16\" height=\"16\" \/>Sz\u00f3rakozz \u00e9s pihenj a ny\u00e1ron minigolf p\u00e1ly\u00e1inkon! Csal\u00e1di \u00e9s bar\u00e1ti programokhoz ide\u00e1lis lehet\u0151s\u00e9g. Gyere el \u00e9s \u00e9lvezd a j\u00e1t\u00e9k \u00f6r\u00f6m\u00e9t! Nyitva: minden nap 11:00 &#8211; 19:00 \u00f3ra k\u00f6zt. <br \/>C\u00edm: Parajd, Fels\u0151r\u00e9t 92 (Az <a tabindex=\"0\" role=\"link\" href=\"https:\/\/www.facebook.com\/profile.php?id=100083611652009&amp;__cft__[0]=AZXLHn9c28saDuGjno2fYSLTDOZfkLZ8tn1BBPD2bff1_e68lbK-W5vuxjQJNsyRWb4T9RQ9PfP0gbqq3jIO0D2_ynZurJ-tVfAh3Tsx30w5_Pj7y-WFnm9V1irFNrUIlAyqYOkTa8doP3diRxDrbFAHTMHKq4JjwsgZk2LlirVMrCYqv-zHI-YcFdJrOo_PwV0&amp;__tn__=-]K-R\">Aqua Beach-Praid<\/a> Strand mellett)<\/p>\t\t\t\t\t\t\t\t<\/div>\n\t\t\t\t<\/div>\n\t\t\t\t\t<\/div>\n\t\t<\/div>\n\t\t\t\t\t<\/div>\n\t\t<\/section>\n\t\t\t\t\t<\/div>\n\t\t<\/div>\n\t\t\t\t\t<\/div>\n\t\t<\/section>\n\t\t\t\t<section class=\"elementor-section elementor-top-section elementor-element elementor-element-e15b711 elementor-section-boxed elementor-section-height-default elementor-section-height-default\" data-id=\"e15b711\" data-element_type=\"section\" data-e-type=\"section\">\n\t\t\t\t\t\t<div class=\"elementor-container elementor-column-gap-default\">\n\t\t\t\t\t<div class=\"elementor-column elementor-col-100 elementor-top-column elementor-element elementor-element-eaf7f08\" data-id=\"eaf7f08\" data-element_type=\"column\" data-e-type=\"column\">\n\t\t\t<div class=\"elementor-widget-wrap elementor-element-populated\">\n\t\t\t\t\t\t<section class=\"elementor-section elementor-inner-section elementor-element elementor-element-5b6f68a elementor-section-boxed elementor-section-height-default elementor-section-height-default\" data-id=\"5b6f68a\" data-element_type=\"section\" data-e-type=\"section\">\n\t\t\t\t\t\t<div class=\"elementor-container elementor-column-gap-default\">\n\t\t\t\t\t<div class=\"elementor-column elementor-col-50 elementor-inner-column elementor-element elementor-element-6e3afca\" data-id=\"6e3afca\" data-element_type=\"column\" data-e-type=\"column\" data-settings=\"{&quot;background_background&quot;:&quot;classic&quot;}\">\n\t\t\t<div class=\"elementor-widget-wrap elementor-element-populated\">\n\t\t\t\t\t\t<div class=\"elementor-element elementor-element-041ea17 elementor-widget elementor-widget-heading\" data-id=\"041ea17\" data-element_type=\"widget\" data-e-type=\"widget\" data-widget_type=\"heading.default\">\n\t\t\t\t<div class=\"elementor-widget-container\">\n\t\t\t\t\t<h2 class=\"elementor-heading-title elementor-size-large\">\nAqua Beach-Praid<\/h2>\t\t\t\t<\/div>\n\t\t\t\t<\/div>\n\t\t\t\t<div class=\"elementor-element elementor-element-0de53ac elementor-arrows-position-inside elementor-pagination-position-outside elementor-widget elementor-widget-image-carousel\" data-id=\"0de53ac\" data-element_type=\"widget\" data-e-type=\"widget\" data-settings=\"{&quot;slides_to_show&quot;:&quot;1&quot;,&quot;navigation&quot;:&quot;both&quot;,&quot;autoplay&quot;:&quot;yes&quot;,&quot;pause_on_hover&quot;:&quot;yes&quot;,&quot;pause_on_interaction&quot;:&quot;yes&quot;,&quot;autoplay_speed&quot;:5000,&quot;infinite&quot;:&quot;yes&quot;,&quot;effect&quot;:&quot;slide&quot;,&quot;speed&quot;:500}\" data-widget_type=\"image-carousel.default\">\n\t\t\t\t<div class=\"elementor-widget-container\">\n\t\t\t\t\t\t\t<div class=\"elementor-image-carousel-wrapper swiper\" role=\"region\" aria-roledescription=\"carousel\" aria-label=\"K\u00e9p k\u00f6rhinta\" dir=\"ltr\">\n\t\t\t<div class=\"elementor-image-carousel swiper-wrapper\" aria-live=\"off\">\n\t\t\t\t\t\t\t\t<div class=\"swiper-slide\" role=\"group\" aria-roledescription=\"slide\" aria-label=\"1 \/ 4\"><figure class=\"swiper-slide-inner\"><img decoding=\"async\" class=\"swiper-slide-image\" src=\"https:\/\/gerabresort.ro\/wp-content\/uploads\/2023\/12\/294542913_113260904783745_914590498258617091_n.jpg\" alt=\"294542913_113260904783745_914590498258617091_n\" \/><\/figure><\/div><div class=\"swiper-slide\" role=\"group\" aria-roledescription=\"slide\" aria-label=\"2 \/ 4\"><figure class=\"swiper-slide-inner\"><img decoding=\"async\" class=\"swiper-slide-image\" src=\"https:\/\/gerabresort.ro\/wp-content\/uploads\/2023\/12\/294283564_113260884783747_7668981334340311825_n.jpg\" alt=\"294283564_113260884783747_7668981334340311825_n\" \/><\/figure><\/div><div class=\"swiper-slide\" role=\"group\" aria-roledescription=\"slide\" aria-label=\"3 \/ 4\"><figure class=\"swiper-slide-inner\"><img decoding=\"async\" class=\"swiper-slide-image\" src=\"https:\/\/gerabresort.ro\/wp-content\/uploads\/2023\/12\/355137482_233329499464104_1938502430005488374_n.jpg\" alt=\"355137482_233329499464104_1938502430005488374_n\" \/><\/figure><\/div><div class=\"swiper-slide\" role=\"group\" aria-roledescription=\"slide\" aria-label=\"4 \/ 4\"><figure class=\"swiper-slide-inner\"><img decoding=\"async\" class=\"swiper-slide-image\" src=\"https:\/\/gerabresort.ro\/wp-content\/uploads\/2023\/12\/355144876_233329452797442_3406075833098308354_n.jpg\" alt=\"355144876_233329452797442_3406075833098308354_n\" \/><\/figure><\/div>\t\t\t<\/div>\n\t\t\t\t\t\t\t\t\t\t\t\t<div class=\"elementor-swiper-button elementor-swiper-button-prev\" role=\"button\" tabindex=\"0\">\n\t\t\t\t\t\t<i aria-hidden=\"true\" class=\"eicon-chevron-left\"><\/i>\t\t\t\t\t<\/div>\n\t\t\t\t\t<div class=\"elementor-swiper-button elementor-swiper-button-next\" role=\"button\" tabindex=\"0\">\n\t\t\t\t\t\t<i aria-hidden=\"true\" class=\"eicon-chevron-right\"><\/i>\t\t\t\t\t<\/div>\n\t\t\t\t\n\t\t\t\t\t\t\t\t\t<div class=\"swiper-pagination\"><\/div>\n\t\t\t\t\t\t\t\t\t<\/div>\n\t\t\t\t\t\t<\/div>\n\t\t\t\t<\/div>\n\t\t\t\t<div class=\"elementor-element elementor-element-c089f19 elementor-widget elementor-widget-text-editor\" data-id=\"c089f19\" data-element_type=\"widget\" data-e-type=\"widget\" data-widget_type=\"text-editor.default\">\n\t\t\t\t<div class=\"elementor-widget-container\">\n\t\t\t\t\t\t\t\t\t<p><strong>El\u00e9rhet\u0151s\u00e9gek:<\/strong><br \/><strong>Praid\/Parajd, Str.Fels\u0151r\u00e9t 92<br \/>Telefonsz\u00e1m: <a href=\"tel:+40759538931\">0759 538 931<\/a><\/strong><br \/>Az \u00e9des v\u00edzzel m\u0171k\u00f6d\u0151 medenc\u00e9k mellett egy f\u0171t\u00f6tt s\u00f3s v\u00edzzel m\u0171k\u00f6d\u0151 medence is csatlakozott a l\u00e9tes\u00edtm\u00e9nyhez. Ez a k\u00fcl\u00f6nleges medence h\u00e1rom be\u00e9p\u00edtett jacuzzival rendelkezik, amelyek garant\u00e1ltan k\u00e9nyeztetik a vend\u00e9geket. Emellett az Aqua Beach b\u0151v\u00edtette a napoz\u00f3 \u00e1gyak sz\u00e1m\u00e1t \u00e9s a parkol\u00f3k kapacit\u00e1s\u00e1t, hogy m\u00e9g k\u00e9nyelmesebb\u00e9 tegye a vend\u00e9gek tart\u00f3zkod\u00e1s\u00e1t.<\/p>\t\t\t\t\t\t\t\t<\/div>\n\t\t\t\t<\/div>\n\t\t\t\t\t<\/div>\n\t\t<\/div>\n\t\t\t\t<div class=\"elementor-column elementor-col-50 elementor-inner-column elementor-element elementor-element-80b4f86\" data-id=\"80b4f86\" data-element_type=\"column\" data-e-type=\"column\">\n\t\t\t<div class=\"elementor-widget-wrap elementor-element-populated\">\n\t\t\t\t\t\t<div class=\"elementor-element elementor-element-3b2f75c elementor-widget elementor-widget-heading\" data-id=\"3b2f75c\" data-element_type=\"widget\" data-e-type=\"widget\" data-widget_type=\"heading.default\">\n\t\t\t\t<div class=\"elementor-widget-container\">\n\t\t\t\t\t<h2 class=\"elementor-heading-title elementor-size-large\">Ford\u00edtott h\u00e1zik\u00f3 Parajd - Cas\u0103 r\u0103sturnat\u0103 Praid<\/h2>\t\t\t\t<\/div>\n\t\t\t\t<\/div>\n\t\t\t\t<div class=\"elementor-element elementor-element-eea556a elementor-arrows-position-inside elementor-pagination-position-outside elementor-widget elementor-widget-image-carousel\" data-id=\"eea556a\" data-element_type=\"widget\" data-e-type=\"widget\" data-settings=\"{&quot;slides_to_show&quot;:&quot;1&quot;,&quot;navigation&quot;:&quot;both&quot;,&quot;autoplay&quot;:&quot;yes&quot;,&quot;pause_on_hover&quot;:&quot;yes&quot;,&quot;pause_on_interaction&quot;:&quot;yes&quot;,&quot;autoplay_speed&quot;:5000,&quot;infinite&quot;:&quot;yes&quot;,&quot;effect&quot;:&quot;slide&quot;,&quot;speed&quot;:500}\" data-widget_type=\"image-carousel.default\">\n\t\t\t\t<div class=\"elementor-widget-container\">\n\t\t\t\t\t\t\t<div class=\"elementor-image-carousel-wrapper swiper\" role=\"region\" aria-roledescription=\"carousel\" aria-label=\"K\u00e9p k\u00f6rhinta\" dir=\"ltr\">\n\t\t\t<div class=\"elementor-image-carousel swiper-wrapper\" aria-live=\"off\">\n\t\t\t\t\t\t\t\t<div class=\"swiper-slide\" role=\"group\" aria-roledescription=\"slide\" aria-label=\"1 \/ 2\"><figure class=\"swiper-slide-inner\"><img decoding=\"async\" class=\"swiper-slide-image\" src=\"https:\/\/gerabresort.ro\/wp-content\/uploads\/2023\/12\/forditotthaz-parajd.jpg\" alt=\"forditotthaz-parajd\" \/><\/figure><\/div><div class=\"swiper-slide\" role=\"group\" aria-roledescription=\"slide\" aria-label=\"2 \/ 2\"><figure class=\"swiper-slide-inner\"><img decoding=\"async\" class=\"swiper-slide-image\" src=\"https:\/\/gerabresort.ro\/wp-content\/uploads\/2023\/12\/559.jpg\" alt=\"559\" \/><\/figure><\/div>\t\t\t<\/div>\n\t\t\t\t\t\t\t\t\t\t\t\t<div class=\"elementor-swiper-button elementor-swiper-button-prev\" role=\"button\" tabindex=\"0\">\n\t\t\t\t\t\t<i aria-hidden=\"true\" class=\"eicon-chevron-left\"><\/i>\t\t\t\t\t<\/div>\n\t\t\t\t\t<div class=\"elementor-swiper-button elementor-swiper-button-next\" role=\"button\" tabindex=\"0\">\n\t\t\t\t\t\t<i aria-hidden=\"true\" class=\"eicon-chevron-right\"><\/i>\t\t\t\t\t<\/div>\n\t\t\t\t\n\t\t\t\t\t\t\t\t\t<div class=\"swiper-pagination\"><\/div>\n\t\t\t\t\t\t\t\t\t<\/div>\n\t\t\t\t\t\t<\/div>\n\t\t\t\t<\/div>\n\t\t\t\t<div class=\"elementor-element elementor-element-d414480 elementor-widget elementor-widget-text-editor\" data-id=\"d414480\" data-element_type=\"widget\" data-e-type=\"widget\" data-widget_type=\"text-editor.default\">\n\t\t\t\t<div class=\"elementor-widget-container\">\n\t\t\t\t\t\t\t\t\t<p><strong>El\u00e9rhet\u0151s\u00e9gek:<\/strong><br \/><strong>Web: <a href=\"https:\/\/www.facebook.com\/forditotthazikocasarasturnata\">https:\/\/www.facebook.com\/forditotthazikocasarasturnata<\/a><br \/>Telefonsz\u00e1m: <a href=\"tel:+40740000380\">+40740000380<\/a><\/strong><br \/><strong>C\u00edm: PRAID 537240 str. ANL, Nr. 3. , Praid, Romania<\/strong><br \/>A Parajd k\u00f6zpontj\u00e1ban, a rend\u0151rs\u00e9g \u00e9s az ANL t\u00f6mbh\u00e1zak k\u00f6zel\u00e9ben tal\u00e1lhat\u00f3 h\u00e1zik\u00f3 8\u00d75 m\u00e9teres alapter\u00fclet\u0171.<br \/>A f\u0151ajt\u00f3n egyb\u0151l a manz\u00e1rdba l\u00e9p\u00fcnk be, ahol a gyerekszoba van, innen l\u00e9pcs\u0151 vezet a f\u00f6ldszintre. Az emelet-f\u00f6ldszinten van egy nappalival egybenyitott konyha \u00e9s egy f\u00fcrd\u0151szoba.<\/p>\t\t\t\t\t\t\t\t<\/div>\n\t\t\t\t<\/div>\n\t\t\t\t\t<\/div>\n\t\t<\/div>\n\t\t\t\t\t<\/div>\n\t\t<\/section>\n\t\t\t\t\t<\/div>\n\t\t<\/div>\n\t\t\t\t\t<\/div>\n\t\t<\/section>\n\t\t\t\t<\/div>\n\t\t","protected":false},"excerpt":{"rendered":"<p>Parajdi s\u00f3b\u00e1nya El\u00e9rhet\u0151s\u00e9gek:Web: https:\/\/www.salinapraid.roTelefonsz\u00e1m: 0266 240200C\u00edm: PRAID 537240 Jud. Harghita str. Garii nr. 44A\u00a0parajdi s\u00f3b\u00e1nya\u00a0az erd\u00e9lyi\u00a0Parajd\u00a0k\u00f6zel\u00e9ben tal\u00e1lhat\u00f3. A parajdi s\u00f3telep Eur\u00f3pa egyik legnagyobb s\u00f3tartal\u00e9ka, a s\u00f3t\u00f6mzs maga 1,2\u00a0km \u00d7 1,4\u00a0km \u00e1tm\u00e9r\u0151j\u0171, enyh\u00e9n ellipszis alak\u00fa \u00e9s 2700 m\u00e9ter m\u00e9lys\u00e9gbe gy\u00f6kerezik. T\u00f6bb sz\u00e1z j\u00f6v\u0151-\u00e9v kib\u00e1ny\u00e1szhat\u00f3 s\u00f3j\u00e1t rejti mag\u00e1ba, \u00e9s ezzel Erd\u00e9ly gazdags\u00e1g\u00e1nak egyik legjelent\u0151sebb kincsesl\u00e1d\u00e1ja. Minigolf Praid [&hellip;]<\/p>\n","protected":false},"author":1,"featured_media":593,"parent":0,"menu_order":0,"comment_status":"closed","ping_status":"closed","template":"","meta":{"ocean_post_layout":"","ocean_both_sidebars_style":"","ocean_both_sidebars_content_width":0,"ocean_both_sidebars_sidebars_width":0,"ocean_sidebar":"0","ocean_second_sidebar":"0","ocean_disable_margins":"enable","ocean_add_body_class":"","ocean_shortcode_before_top_bar":"","ocean_shortcode_after_top_bar":"","ocean_shortcode_before_header":"","ocean_shortcode_after_header":"","ocean_has_shortcode":"","ocean_shortcode_after_title":"","ocean_shortcode_before_footer_widgets":"","ocean_shortcode_after_footer_widgets":"","ocean_shortcode_before_footer_bottom":"","ocean_shortcode_after_footer_bottom":"","ocean_display_top_bar":"default","ocean_display_header":"default","ocean_header_style":"","ocean_center_header_left_menu":"0","ocean_custom_header_template":"0","ocean_custom_logo":0,"ocean_custom_retina_logo":0,"ocean_custom_logo_max_width":0,"ocean_custom_logo_tablet_max_width":0,"ocean_custom_logo_mobile_max_width":0,"ocean_custom_logo_max_height":0,"ocean_custom_logo_tablet_max_height":0,"ocean_custom_logo_mobile_max_height":0,"ocean_header_custom_menu":"0","ocean_menu_typo_font_family":"0","ocean_menu_typo_font_subset":"","ocean_menu_typo_font_size":0,"ocean_menu_typo_font_size_tablet":0,"ocean_menu_typo_font_size_mobile":0,"ocean_menu_typo_font_size_unit":"px","ocean_menu_typo_font_weight":"","ocean_menu_typo_font_weight_tablet":"","ocean_menu_typo_font_weight_mobile":"","ocean_menu_typo_transform":"","ocean_menu_typo_transform_tablet":"","ocean_menu_typo_transform_mobile":"","ocean_menu_typo_line_height":0,"ocean_menu_typo_line_height_tablet":0,"ocean_menu_typo_line_height_mobile":0,"ocean_menu_typo_line_height_unit":"","ocean_menu_typo_spacing":0,"ocean_menu_typo_spacing_tablet":0,"ocean_menu_typo_spacing_mobile":0,"ocean_menu_typo_spacing_unit":"","ocean_menu_link_color":"","ocean_menu_link_color_hover":"","ocean_menu_link_color_active":"","ocean_menu_link_background":"","ocean_menu_link_hover_background":"","ocean_menu_link_active_background":"","ocean_menu_social_links_bg":"","ocean_menu_social_hover_links_bg":"","ocean_menu_social_links_color":"","ocean_menu_social_hover_links_color":"","ocean_disable_title":"default","ocean_disable_heading":"default","ocean_post_title":"","ocean_post_subheading":"","ocean_post_title_style":"","ocean_post_title_background_color":"","ocean_post_title_background":0,"ocean_post_title_bg_image_position":"","ocean_post_title_bg_image_attachment":"","ocean_post_title_bg_image_repeat":"","ocean_post_title_bg_image_size":"","ocean_post_title_height":0,"ocean_post_title_bg_overlay":0.5,"ocean_post_title_bg_overlay_color":"","ocean_disable_breadcrumbs":"default","ocean_breadcrumbs_color":"","ocean_breadcrumbs_separator_color":"","ocean_breadcrumbs_links_color":"","ocean_breadcrumbs_links_hover_color":"","ocean_display_footer_widgets":"default","ocean_display_footer_bottom":"default","ocean_custom_footer_template":"0","footnotes":""},"class_list":["post-18","page","type-page","status-publish","has-post-thumbnail","hentry","entry","has-media"],"_links":{"self":[{"href":"https:\/\/gerabresort.ro\/ro\/wp-json\/wp\/v2\/pages\/18","targetHints":{"allow":["GET"]}}],"collection":[{"href":"https:\/\/gerabresort.ro\/ro\/wp-json\/wp\/v2\/pages"}],"about":[{"href":"https:\/\/gerabresort.ro\/ro\/wp-json\/wp\/v2\/types\/page"}],"author":[{"embeddable":true,"href":"https:\/\/gerabresort.ro\/ro\/wp-json\/wp\/v2\/users\/1"}],"replies":[{"embeddable":true,"href":"https:\/\/gerabresort.ro\/ro\/wp-json\/wp\/v2\/comments?post=18"}],"version-history":[{"count":22,"href":"https:\/\/gerabresort.ro\/ro\/wp-json\/wp\/v2\/pages\/18\/revisions"}],"predecessor-version":[{"id":773,"href":"https:\/\/gerabresort.ro\/ro\/wp-json\/wp\/v2\/pages\/18\/revisions\/773"}],"wp:featuredmedia":[{"embeddable":true,"href":"https:\/\/gerabresort.ro\/ro\/wp-json\/wp\/v2\/media\/593"}],"wp:attachment":[{"href":"https:\/\/gerabresort.ro\/ro\/wp-json\/wp\/v2\/media?parent=18"}],"curies":[{"name":"wp","href":"https:\/\/api.w.org\/{rel}","templated":true}]}}